{"id":24,"date":"2024-07-05T21:05:09","date_gmt":"2024-07-05T21:05:09","guid":{"rendered":"https:\/\/wenk-staff.dk\/?page_id=24"},"modified":"2024-07-05T22:22:26","modified_gmt":"2024-07-05T22:22:26","slug":"om","status":"publish","type":"page","link":"https:\/\/wenk-staff.dk\/","title":{"rendered":"Om"},"content":{"rendered":"\t\t<div data-elementor-type=\"wp-page\" data-elementor-id=\"24\" class=\"elementor elementor-24\">\n\t\t\t\t<div class=\"elementor-element elementor-element-4e55e3b4 e-flex e-con-boxed e-con e-parent\" data-id=\"4e55e3b4\" data-element_type=\"container\">\n\t\t\t\t\t<div class=\"e-con-inner\">\n\t\t\t\t<div class=\"elementor-element elementor-element-377625fa elementor-widget elementor-widget-text-editor\" data-id=\"377625fa\" data-element_type=\"widget\" data-widget_type=\"text-editor.default\">\n\t\t\t\t<div class=\"elementor-widget-container\">\n\t\t\t<style>\/*! elementor - v3.22.0 - 26-06-2024 *\/\n.elementor-widget-text-editor.elementor-drop-cap-view-stacked .elementor-drop-cap{background-color:#69727d;color:#fff}.elementor-widget-text-editor.elementor-drop-cap-view-framed .elementor-drop-cap{color:#69727d;border:3px solid;background-color:transparent}.elementor-widget-text-editor:not(.elementor-drop-cap-view-default) .elementor-drop-cap{margin-top:8px}.elementor-widget-text-editor:not(.elementor-drop-cap-view-default) .elementor-drop-cap-letter{width:1em;height:1em}.elementor-widget-text-editor .elementor-drop-cap{float:left;text-align:center;line-height:1;font-size:50px}.elementor-widget-text-editor .elementor-drop-cap-letter{display:inline-block}<\/style>\t\t\t\t<p><!-- wp:paragraph --><\/p>\n<p>Kennel Wenk Staff&#8217;s har haft sin tid, men ingen kan sige endnu, om der vil komme et enkelt kuld eller to igen. Lige nu er der kun en konge p\u00e5 slottet: Odin som ikke skal udstilles og heller ikke bruges i avl.<\/p>\n<p>M\u00e5ske vil tiden byde p\u00e5 en helt anden race, men lige nu bruges energi p\u00e5 at g\u00f8re Odin klar til at blive certificeret servicehund, s\u00e5 hans evner kan bruges til god gavn og gl\u00e6de.<\/p>\n<p><!-- \/wp:paragraph --><\/p>\t\t\t\t\t\t<\/div>\n\t\t\t\t<\/div>\n\t\t\t\t\t<\/div>\n\t\t\t\t<\/div>\n\t\t\t\t<\/div>\n\t\t","protected":false},"excerpt":{"rendered":"<p>Kennel Wenk Staff&#8217;s har haft sin tid, men ingen kan sige endnu, om der vil komme et enkelt kuld eller to igen. Lige nu er der kun en konge p\u00e5 slottet: Odin som ikke skal udstilles og heller ikke bruges i avl. M\u00e5ske vil tiden byde p\u00e5 en helt anden race, men lige nu bruges &hellip; <\/p>\n<p class=\"link-more\"><a href=\"https:\/\/wenk-staff.dk\/\" class=\"more-link\">L\u00e6s videre<span class=\"screen-reader-text\"> &#8220;Om&#8221;<\/span><\/a><\/p>\n","protected":false},"author":2,"featured_media":0,"parent":0,"menu_order":0,"comment_status":"closed","ping_status":"closed","template":"","meta":{"footnotes":""},"class_list":["post-24","page","type-page","status-publish","hentry"],"yoast_head":"<!-- This site is optimized with the Yoast SEO plugin v23.0 - https:\/\/yoast.com\/wordpress\/plugins\/seo\/ -->\n<title>Om - Kennel Wenk Staff&#039;s<\/title>\n<meta name=\"robots\" content=\"index, follow, max-snippet:-1, max-image-preview:large, max-video-preview:-1\" \/>\n<link rel=\"canonical\" href=\"https:\/\/wenk-staff.dk\/\" \/>\n<meta property=\"og:locale\" content=\"da_DK\" \/>\n<meta property=\"og:type\" content=\"article\" \/>\n<meta property=\"og:title\" content=\"Om - Kennel Wenk Staff&#039;s\" \/>\n<meta property=\"og:description\" content=\"Kennel Wenk Staff&#8217;s har haft sin tid, men ingen kan sige endnu, om der vil komme et enkelt kuld eller to igen. Lige nu er der kun en konge p\u00e5 slottet: Odin som ikke skal udstilles og heller ikke bruges i avl. M\u00e5ske vil tiden byde p\u00e5 en helt anden race, men lige nu bruges &hellip; L\u00e6s videre &quot;Om&quot;\" \/>\n<meta property=\"og:url\" content=\"https:\/\/wenk-staff.dk\/\" \/>\n<meta property=\"og:site_name\" content=\"Kennel Wenk Staff&#039;s\" \/>\n<meta property=\"article:modified_time\" content=\"2024-07-05T22:22:26+00:00\" \/>\n<meta name=\"twitter:card\" content=\"summary_large_image\" \/>\n<meta name=\"twitter:label1\" content=\"Estimeret l\u00e6setid\" \/>\n\t<meta name=\"twitter:data1\" content=\"1 minut\" \/>\n<script type=\"application\/ld+json\" class=\"yoast-schema-graph\">{\"@context\":\"https:\/\/schema.org\",\"@graph\":[{\"@type\":\"WebPage\",\"@id\":\"https:\/\/wenk-staff.dk\/\",\"url\":\"https:\/\/wenk-staff.dk\/\",\"name\":\"Om - Kennel Wenk Staff&#039;s\",\"isPartOf\":{\"@id\":\"https:\/\/wenk-staff.dk\/#website\"},\"datePublished\":\"2024-07-05T21:05:09+00:00\",\"dateModified\":\"2024-07-05T22:22:26+00:00\",\"breadcrumb\":{\"@id\":\"https:\/\/wenk-staff.dk\/#breadcrumb\"},\"inLanguage\":\"da-DK\",\"potentialAction\":[{\"@type\":\"ReadAction\",\"target\":[\"https:\/\/wenk-staff.dk\/\"]}]},{\"@type\":\"BreadcrumbList\",\"@id\":\"https:\/\/wenk-staff.dk\/#breadcrumb\",\"itemListElement\":[{\"@type\":\"ListItem\",\"position\":1,\"name\":\"Hjem\",\"item\":\"https:\/\/wenk-staff.dk\/\"},{\"@type\":\"ListItem\",\"position\":2,\"name\":\"Om\"}]},{\"@type\":\"WebSite\",\"@id\":\"https:\/\/wenk-staff.dk\/#website\",\"url\":\"https:\/\/wenk-staff.dk\/\",\"name\":\"Kennel Wenk Staff&#039;s\",\"description\":\"Hundeverden sat p\u00e5 pause\",\"potentialAction\":[{\"@type\":\"SearchAction\",\"target\":{\"@type\":\"EntryPoint\",\"urlTemplate\":\"https:\/\/wenk-staff.dk\/?s={search_term_string}\"},\"query-input\":\"required name=search_term_string\"}],\"inLanguage\":\"da-DK\"}]}<\/script>\n<!-- \/ Yoast SEO plugin. -->","yoast_head_json":{"title":"Om - Kennel Wenk Staff&#039;s","robots":{"index":"index","follow":"follow","max-snippet":"max-snippet:-1","max-image-preview":"max-image-preview:large","max-video-preview":"max-video-preview:-1"},"canonical":"https:\/\/wenk-staff.dk\/","og_locale":"da_DK","og_type":"article","og_title":"Om - Kennel Wenk Staff&#039;s","og_description":"Kennel Wenk Staff&#8217;s har haft sin tid, men ingen kan sige endnu, om der vil komme et enkelt kuld eller to igen. Lige nu er der kun en konge p\u00e5 slottet: Odin som ikke skal udstilles og heller ikke bruges i avl. M\u00e5ske vil tiden byde p\u00e5 en helt anden race, men lige nu bruges &hellip; L\u00e6s videre \"Om\"","og_url":"https:\/\/wenk-staff.dk\/","og_site_name":"Kennel Wenk Staff&#039;s","article_modified_time":"2024-07-05T22:22:26+00:00","twitter_card":"summary_large_image","twitter_misc":{"Estimeret l\u00e6setid":"1 minut"},"schema":{"@context":"https:\/\/schema.org","@graph":[{"@type":"WebPage","@id":"https:\/\/wenk-staff.dk\/","url":"https:\/\/wenk-staff.dk\/","name":"Om - Kennel Wenk Staff&#039;s","isPartOf":{"@id":"https:\/\/wenk-staff.dk\/#website"},"datePublished":"2024-07-05T21:05:09+00:00","dateModified":"2024-07-05T22:22:26+00:00","breadcrumb":{"@id":"https:\/\/wenk-staff.dk\/#breadcrumb"},"inLanguage":"da-DK","potentialAction":[{"@type":"ReadAction","target":["https:\/\/wenk-staff.dk\/"]}]},{"@type":"BreadcrumbList","@id":"https:\/\/wenk-staff.dk\/#breadcrumb","itemListElement":[{"@type":"ListItem","position":1,"name":"Hjem","item":"https:\/\/wenk-staff.dk\/"},{"@type":"ListItem","position":2,"name":"Om"}]},{"@type":"WebSite","@id":"https:\/\/wenk-staff.dk\/#website","url":"https:\/\/wenk-staff.dk\/","name":"Kennel Wenk Staff&#039;s","description":"Hundeverden sat p\u00e5 pause","potentialAction":[{"@type":"SearchAction","target":{"@type":"EntryPoint","urlTemplate":"https:\/\/wenk-staff.dk\/?s={search_term_string}"},"query-input":"required name=search_term_string"}],"inLanguage":"da-DK"}]}},"_links":{"self":[{"href":"https:\/\/wenk-staff.dk\/index.php\/wp-json\/wp\/v2\/pages\/24","targetHints":{"allow":["GET"]}}],"collection":[{"href":"https:\/\/wenk-staff.dk\/index.php\/wp-json\/wp\/v2\/pages"}],"about":[{"href":"https:\/\/wenk-staff.dk\/index.php\/wp-json\/wp\/v2\/types\/page"}],"author":[{"embeddable":true,"href":"https:\/\/wenk-staff.dk\/index.php\/wp-json\/wp\/v2\/users\/2"}],"replies":[{"embeddable":true,"href":"https:\/\/wenk-staff.dk\/index.php\/wp-json\/wp\/v2\/comments?post=24"}],"version-history":[{"count":16,"href":"https:\/\/wenk-staff.dk\/index.php\/wp-json\/wp\/v2\/pages\/24\/revisions"}],"predecessor-version":[{"id":103,"href":"https:\/\/wenk-staff.dk\/index.php\/wp-json\/wp\/v2\/pages\/24\/revisions\/103"}],"wp:attachment":[{"href":"https:\/\/wenk-staff.dk\/index.php\/wp-json\/wp\/v2\/media?parent=24"}],"curies":[{"name":"wp","href":"https:\/\/api.w.org\/{rel}","templated":true}]}}